{"id":2307,"date":"2025-05-15T20:12:25","date_gmt":"2021-03-05T17:38:57","guid":{"rendered":"https:\/\/fundacionmunay.org\/index.php\/contact-us\/"},"modified":"2025-05-16T11:40:16","modified_gmt":"2025-05-16T16:40:16","slug":"contact-us","status":"publish","type":"page","link":"https:\/\/fundacionmunay.org\/?page_id=2307","title":{"rendered":"Cont\u00e1ctenos"},"content":{"rendered":"\t\t<div data-elementor-type=\"wp-page\" data-elementor-id=\"2307\" class=\"elementor elementor-2307\" data-elementor-post-type=\"page\">\n\t\t\t\t<div class=\"elementor-element elementor-element-667901f e-flex e-con-boxed e-con e-parent\" data-id=\"667901f\" data-element_type=\"container\">\n\t\t\t\t\t<div class=\"e-con-inner\">\n\t\t<div class=\"elementor-element elementor-element-dcce1f7 e-con-full e-flex e-con e-child\" data-id=\"dcce1f7\" data-element_type=\"container\">\n\t\t\t\t<div class=\"elementor-element elementor-element-0cfd57f elementor-widget elementor-widget-text-editor\" data-id=\"0cfd57f\" data-element_type=\"widget\" data-widget_type=\"text-editor.default\">\n\t\t\t\t<div class=\"elementor-widget-container\">\n\t\t\t\t\t\t\t\t\t<h4 style=\"text-align: center;\"><span style=\"color: #ff9900;\">Viste nuestras oficinas<\/span><\/h4>\n<p style=\"text-align: center;\">Amazonas, Bogot\u00e1, Choc\u00f3, Medell\u00edn, Putumayo<\/p>\t\t\t\t\t\t\t\t<\/div>\n\t\t\t\t<\/div>\n\t\t\t\t<\/div>\n\t\t<div class=\"elementor-element elementor-element-0eb1056 e-con-full e-flex e-con e-child\" data-id=\"0eb1056\" data-element_type=\"container\">\n\t\t\t\t<div class=\"elementor-element elementor-element-10fc9cd elementor-widget elementor-widget-text-editor\" data-id=\"10fc9cd\" data-element_type=\"widget\" data-widget_type=\"text-editor.default\">\n\t\t\t\t<div class=\"elementor-widget-container\">\n\t\t\t\t\t\t\t\t\t<h4 style=\"text-align: center;\"><span style=\"color: #ff9900;\">Correo electr\u00f3nico<\/span><\/h4>\n<p style=\"text-align: center;\">donativos@fundacionmunay.org<\/p>\t\t\t\t\t\t\t\t<\/div>\n\t\t\t\t<\/div>\n\t\t\t\t<\/div>\n\t\t<div class=\"elementor-element elementor-element-b1b5e0c e-con-full e-flex e-con e-child\" data-id=\"b1b5e0c\" data-element_type=\"container\">\n\t\t\t\t<div class=\"elementor-element elementor-element-38b45ac elementor-widget elementor-widget-text-editor\" data-id=\"38b45ac\" data-element_type=\"widget\" data-widget_type=\"text-editor.default\">\n\t\t\t\t<div class=\"elementor-widget-container\">\n\t\t\t\t\t\t\t\t\t<h4 style=\"text-align: center;\"><span style=\"color: #ff9900;\">PBX<\/span><\/h4>\n<p style=\"text-align: center;\">(+57) 601 4377630<\/p>\t\t\t\t\t\t\t\t<\/div>\n\t\t\t\t<\/div>\n\t\t\t\t<\/div>\n\t\t\t\t\t<\/div>\n\t\t\t\t<\/div>\n\t\t<div class=\"elementor-element elementor-element-e6f2a9f e-flex e-con-boxed e-con e-parent\" data-id=\"e6f2a9f\" data-element_type=\"container\">\n\t\t\t\t\t<div class=\"e-con-inner\">\n\t\t\t\t<div class=\"elementor-element elementor-element-c306613 elementor-widget elementor-widget-google_maps\" data-id=\"c306613\" data-element_type=\"widget\" data-widget_type=\"google_maps.default\">\n\t\t\t\t<div class=\"elementor-widget-container\">\n\t\t\t\t\t\t\t<div class=\"elementor-custom-embed\">\n\t\t\t<iframe loading=\"lazy\"\n\t\t\t\t\tsrc=\"https:\/\/maps.google.com\/maps?q=colombia%20&#038;t=m&#038;z=10&#038;output=embed&#038;iwloc=near\"\n\t\t\t\t\ttitle=\"colombia \"\n\t\t\t\t\taria-label=\"colombia \"\n\t\t\t><\/iframe>\n\t\t<\/div>\n\t\t\t\t\t\t<\/div>\n\t\t\t\t<\/div>\n\t\t\t\t\t<\/div>\n\t\t\t\t<\/div>\n\t\t<div class=\"elementor-element elementor-element-ef74490 e-flex e-con-boxed e-con e-parent\" data-id=\"ef74490\" data-element_type=\"container\">\n\t\t\t\t\t<div class=\"e-con-inner\">\n\t\t<div class=\"elementor-element elementor-element-345d829 e-con-full e-flex e-con e-child\" data-id=\"345d829\" data-element_type=\"container\">\n\t\t\t\t<div class=\"elementor-element elementor-element-8033474 elementor-widget elementor-widget-text-editor\" data-id=\"8033474\" data-element_type=\"widget\" data-widget_type=\"text-editor.default\">\n\t\t\t\t<div class=\"elementor-widget-container\">\n\t\t\t\t\t\t\t\t\t<p>\u00a0<\/p>\n<p><img fetchpriority=\"high\" decoding=\"async\" class=\"alignnone wp-image-2624 size-full\" src=\"https:\/\/fundacionmunay.org\/wp-content\/uploads\/2025\/05\/Contactanos.jpg\" alt=\"\" width=\"600\" height=\"275\" \/><\/p>\n<p>\u00a0<\/p>\n<p>Si deseas cualquier informaci\u00f3n sobre nuestros servicios o estas interesado, rellena nuestro formulario y nos ponemos en contacto contigo.<\/p>\n<p>Te responderemos Pronto!<\/p>\t\t\t\t\t\t\t\t<\/div>\n\t\t\t\t<\/div>\n\t\t\t\t<\/div>\n\t\t<div class=\"elementor-element elementor-element-cc7ce02 e-con-full e-flex e-con e-child\" data-id=\"cc7ce02\" data-element_type=\"container\">\n\t\t\t\t<div class=\"elementor-element elementor-element-e4202fc elementor-widget elementor-widget-html\" data-id=\"e4202fc\" data-element_type=\"widget\" data-widget_type=\"html.default\">\n\t\t\t\t<div class=\"elementor-widget-container\">\n\t\t\t\t\t<div class=\"wpforms-container wpforms-container-full wpforms-render-modern\" id=\"wpforms-2373\"><form id=\"wpforms-form-2373\" class=\"wpforms-validate wpforms-form\" data-formid=\"2373\" method=\"post\" enctype=\"multipart\/form-data\" action=\"\/index.php?rest_route=%2Fwp%2Fv2%2Fpages%2F2307\" data-token=\"a3339a063b073d5da2a8256cbf9092b5\" data-token-time=\"1776431495\"><noscript class=\"wpforms-error-noscript\">Por favor, activa JavaScript en tu navegador para completar este formulario.<\/noscript><div class=\"wpforms-hidden\" id=\"wpforms-error-noscript\">Por favor, activa JavaScript en tu navegador para completar este formulario.<\/div><div class=\"wpforms-field-container\"><div id=\"wpforms-2373-field_5-container\" class=\"wpforms-field wpforms-field-name\" data-field-id=\"5\"><label class=\"wpforms-field-label wpforms-label-hide\" for=\"wpforms-2373-field_5\" aria-hidden=\"false\">Nombre <span class=\"wpforms-required-label\" aria-hidden=\"true\">*<\/span><\/label><input type=\"text\" id=\"wpforms-2373-field_5\" class=\"wpforms-field-large wpforms-field-required\" name=\"wpforms[fields][5]\" placeholder=\"Nombre Completo\" aria-errormessage=\"wpforms-2373-field_5-error\" required><\/div><div id=\"wpforms-2373-field_1-container\" class=\"wpforms-field wpforms-field-email\" data-field-id=\"1\"><label class=\"wpforms-field-label wpforms-label-hide\" for=\"wpforms-2373-field_1\" aria-hidden=\"false\">Correo electr\u00f3nico<\/label><input type=\"email\" id=\"wpforms-2373-field_1\" class=\"wpforms-field-large\" name=\"wpforms[fields][1]\" placeholder=\"E-mail\" spellcheck=\"false\" aria-errormessage=\"wpforms-2373-field_1-error\" ><\/div><div id=\"wpforms-2373-field_4-container\" class=\"wpforms-field wpforms-field-textarea\" data-field-id=\"4\"><label class=\"wpforms-field-label wpforms-label-hide\" for=\"wpforms-2373-field_4\" aria-hidden=\"false\">Tu comentario<\/label><textarea id=\"wpforms-2373-field_4\" class=\"wpforms-field-medium\" name=\"wpforms[fields][4]\" placeholder=\"Tu Comentario\" aria-errormessage=\"wpforms-2373-field_4-error\" ><\/textarea><\/div><\/div><!-- .wpforms-field-container --><div class=\"wpforms-submit-container\" ><input type=\"hidden\" name=\"wpforms[id]\" value=\"2373\"><input type=\"hidden\" name=\"page_title\" value=\"\"><input type=\"hidden\" name=\"page_url\" value=\"https:\/\/fundacionmunay.org\/index.php?rest_route=\/wp\/v2\/pages\/2307\"><input type=\"hidden\" name=\"url_referer\" value=\"\"><button type=\"submit\" name=\"wpforms[submit]\" id=\"wpforms-submit-2373\" class=\"wpforms-submit\" data-alt-text=\"Enviando...\" data-submit-text=\"Enviar\" aria-live=\"assertive\" value=\"wpforms-submit\">Enviar<\/button><\/div><\/form><\/div>  <!-- .wpforms-container -->\t\t\t\t<\/div>\n\t\t\t\t<\/div>\n\t\t\t\t<\/div>\n\t\t\t\t\t<\/div>\n\t\t\t\t<\/div>\n\t\t\t\t<\/div>\n\t\t","protected":false},"excerpt":{"rendered":"<p>Viste nuestras oficinas Amazonas, Bogot\u00e1, Choc\u00f3, Medell\u00edn, Putumayo Correo electr\u00f3nico donativos@fundacionmunay.org PBX (+57) 601 4377630 \u00a0 \u00a0 Si deseas cualquier informaci\u00f3n sobre nuestros servicios o estas interesado, rellena nuestro formulario y nos ponemos en contacto contigo. Te responderemos Pronto!<\/p>\n","protected":false},"author":1,"featured_media":0,"parent":0,"menu_order":0,"comment_status":"closed","ping_status":"closed","template":"","meta":{"om_disable_all_campaigns":false,"_uag_custom_page_level_css":"","_monsterinsights_skip_tracking":false,"_monsterinsights_sitenote_active":false,"_monsterinsights_sitenote_note":"","_monsterinsights_sitenote_category":0,"footnotes":""},"class_list":["post-2307","page","type-page","status-publish","hentry"],"aioseo_notices":[],"uagb_featured_image_src":{"full":false,"thumbnail":false,"medium":false,"medium_large":false,"large":false,"1536x1536":false,"2048x2048":false},"uagb_author_info":{"display_name":"webmaster","author_link":"https:\/\/fundacionmunay.org\/?author=1"},"uagb_comment_info":0,"uagb_excerpt":"Viste nuestras oficinas Amazonas, Bogot\u00e1, Choc\u00f3, Medell\u00edn, Putumayo Correo electr\u00f3nico donativos@fundacionmunay.org PBX (+57) 601 4377630 \u00a0 \u00a0 Si deseas cualquier informaci\u00f3n sobre nuestros servicios o estas interesado, rellena nuestro formulario y nos ponemos en contacto contigo. Te responderemos Pronto!","_links":{"self":[{"href":"https:\/\/fundacionmunay.org\/index.php?rest_route=\/wp\/v2\/pages\/2307","targetHints":{"allow":["GET"]}}],"collection":[{"href":"https:\/\/fundacionmunay.org\/index.php?rest_route=\/wp\/v2\/pages"}],"about":[{"href":"https:\/\/fundacionmunay.org\/index.php?rest_route=\/wp\/v2\/types\/page"}],"author":[{"embeddable":true,"href":"https:\/\/fundacionmunay.org\/index.php?rest_route=\/wp\/v2\/users\/1"}],"replies":[{"embeddable":true,"href":"https:\/\/fundacionmunay.org\/index.php?rest_route=%2Fwp%2Fv2%2Fcomments&post=2307"}],"version-history":[{"count":47,"href":"https:\/\/fundacionmunay.org\/index.php?rest_route=\/wp\/v2\/pages\/2307\/revisions"}],"predecessor-version":[{"id":2628,"href":"https:\/\/fundacionmunay.org\/index.php?rest_route=\/wp\/v2\/pages\/2307\/revisions\/2628"}],"wp:attachment":[{"href":"https:\/\/fundacionmunay.org\/index.php?rest_route=%2Fwp%2Fv2%2Fmedia&parent=2307"}],"curies":[{"name":"wp","href":"https:\/\/api.w.org\/{rel}","templated":true}]}}