{"id":2372,"date":"2025-05-15T20:12:12","date_gmt":"2021-03-10T22:35:00","guid":{"rendered":"https:\/\/fundacionmunay.org\/index.php\/book-now\/"},"modified":"2025-05-21T16:47:44","modified_gmt":"2025-05-21T21:47:44","slug":"book-now","status":"publish","type":"page","link":"https:\/\/fundacionmunay.org\/?page_id=2372","title":{"rendered":"Restablecimiento de Derechos"},"content":{"rendered":"\t\t<div data-elementor-type=\"wp-page\" data-elementor-id=\"2372\" class=\"elementor elementor-2372\" data-elementor-post-type=\"page\">\n\t\t\t\t<div class=\"elementor-element elementor-element-ce3c132 e-flex e-con-boxed e-con e-parent\" data-id=\"ce3c132\" data-element_type=\"container\">\n\t\t\t\t\t<div class=\"e-con-inner\">\n\t\t<div class=\"elementor-element elementor-element-7d241f7 e-con-full e-flex e-con e-child\" data-id=\"7d241f7\" data-element_type=\"container\">\n\t\t\t\t<div class=\"elementor-element elementor-element-97aff46 elementor-widget elementor-widget-heading\" data-id=\"97aff46\" data-element_type=\"widget\" data-widget_type=\"heading.default\">\n\t\t\t\t<div class=\"elementor-widget-container\">\n\t\t\t\t\t<h3 class=\"elementor-heading-title elementor-size-default\">MODALIDADES Y SERVICIO PARA LA ATENCI\u00d3N DE NI\u00d1OS.<\/h3>\t\t\t\t<\/div>\n\t\t\t\t<\/div>\n\t\t\t\t<div class=\"elementor-element elementor-element-99f8c0e elementor-widget elementor-widget-image\" data-id=\"99f8c0e\" data-element_type=\"widget\" data-widget_type=\"image.default\">\n\t\t\t\t<div class=\"elementor-widget-container\">\n\t\t\t\t\t\t\t\t\t\t\t\t\t\t\t<img fetchpriority=\"high\" decoding=\"async\" width=\"1024\" height=\"192\" src=\"https:\/\/fundacionmunay.org\/wp-content\/uploads\/2025\/05\/banner3-1-1024x192.jpg\" class=\"attachment-large size-large wp-image-3059\" alt=\"\" srcset=\"https:\/\/fundacionmunay.org\/wp-content\/uploads\/2025\/05\/banner3-1-1024x192.jpg 1024w, https:\/\/fundacionmunay.org\/wp-content\/uploads\/2025\/05\/banner3-1-300x56.jpg 300w, https:\/\/fundacionmunay.org\/wp-content\/uploads\/2025\/05\/banner3-1-768x144.jpg 768w, https:\/\/fundacionmunay.org\/wp-content\/uploads\/2025\/05\/banner3-1-1536x288.jpg 1536w, https:\/\/fundacionmunay.org\/wp-content\/uploads\/2025\/05\/banner3-1.jpg 1600w\" sizes=\"(max-width: 1024px) 100vw, 1024px\" \/>\t\t\t\t\t\t\t\t\t\t\t\t\t\t\t<\/div>\n\t\t\t\t<\/div>\n\t\t\t\t<\/div>\n\t\t\t\t\t<\/div>\n\t\t\t\t<\/div>\n\t\t<div class=\"elementor-element elementor-element-073cee4 e-flex e-con-boxed e-con e-parent\" data-id=\"073cee4\" data-element_type=\"container\">\n\t\t\t\t\t<div class=\"e-con-inner\">\n\t\t\t\t<div class=\"elementor-element elementor-element-69ab098 elementor-widget elementor-widget-text-editor\" data-id=\"69ab098\" data-element_type=\"widget\" data-widget_type=\"text-editor.default\">\n\t\t\t\t<div class=\"elementor-widget-container\">\n\t\t\t\t\t\t\t\t\t<div class=\"wp-block-columns\">\n<div class=\"wp-block-column\">\n<div class=\"wp-block-columns\">\n<div class=\"wp-block-column\" style=\"flex-basis: 100%;\">\n<p>La Fundaci\u00f3n Munay brinda atenci\u00f3n en las MODALIDADES Y SERVICIO PARA LA ATENCI\u00d3N DE NI\u00d1OS, NI\u00d1AS Y ADOLESCENTES, CON PROCESO ADMINISTRATIVO DE RESTABLECIMIENTO DE DERECHOS, en la modalidad de atenci\u00f3n Intervenci\u00f3n de Apoyo Psicosocial, dirigido a ni\u00f1os, ni\u00f1as y adolescentes de 0 a 18 a\u00f1os con Proceso Administrativo de Restablecimiento de Derechos, y mayores de 18 a\u00f1os que antes de cumplir la mayor\u00eda de edad ten\u00edan aperturado un PARD, centrando la atenci\u00f3n en el sujeto de derechos y su familia, orientada al desarrollo integral, a partir de sus habilidades, teniendo en cuenta su entorno, llevando a cabo atenci\u00f3n integral e interseccional a los ni\u00f1os, las ni\u00f1as y adolescentes, con derechos amenazados y\/o vulnerados, con el fin de superar las afectaciones que dieron motivo a su ingreso al Proceso Administrativo de Restablecimiento de Derechos.<\/p>\n<\/div>\n<\/div>\n<\/div>\n<\/div>\n<p><!-- \/wp:columns --><!-- wp:heading {\"textAlign\":\"center\"} --><\/p>\n<h5 id=\"h-still-need-help-we-re-here\" class=\"wp-block-heading has-text-align-center\" style=\"text-align: center;\"><span style=\"color: #ffa739;\">\u00bfNecesitas Ayuda? \u00a1Estamos Aqu\u00ed!<\/span><\/h5>\n<p style=\"text-align: center;\">\u00a0<\/p>\n<p style=\"text-align: center;\"><!-- \/wp:heading --><!-- wp:buttons {\"layout\":{\"type\":\"flex\",\"justifyContent\":\"center\",\"orientation\":\"horizontal\"}} --><\/p>\n<div class=\"wp-block-buttons\" style=\"text-align: center;\"><!-- wp:button -->\n<div class=\"wp-block-button\" style=\"text-align: center;\"><a class=\"wp-block-button__link wp-element-button\" href=\"https:\/\/fundacionmunay.org\/?page_id=2307\">Cont\u00e1ctenos Ahora<\/a><\/div>\n<!-- \/wp:button --><\/div>\n<p style=\"text-align: center;\"><!-- \/wp:buttons --><!-- wp:paragraph --><\/p>\n<p style=\"text-align: center;\">\u00a0<\/p>\t\t\t\t\t\t\t\t<\/div>\n\t\t\t\t<\/div>\n\t\t\t\t\t<\/div>\n\t\t\t\t<\/div>\n\t\t\t\t<\/div>\n\t\t","protected":false},"excerpt":{"rendered":"<p>MODALIDADES Y SERVICIO PARA LA ATENCI\u00d3N DE NI\u00d1OS. La Fundaci\u00f3n Munay brinda atenci\u00f3n en las MODALIDADES Y SERVICIO PARA LA ATENCI\u00d3N DE NI\u00d1OS, NI\u00d1AS Y ADOLESCENTES, CON PROCESO ADMINISTRATIVO DE RESTABLECIMIENTO DE DERECHOS, en la modalidad de atenci\u00f3n Intervenci\u00f3n de Apoyo Psicosocial, dirigido a ni\u00f1os, ni\u00f1as y adolescentes de 0 a 18 a\u00f1os con Proceso [&hellip;]<\/p>\n","protected":false},"author":1,"featured_media":0,"parent":0,"menu_order":0,"comment_status":"closed","ping_status":"closed","template":"","meta":{"om_disable_all_campaigns":false,"_uag_custom_page_level_css":"","_monsterinsights_skip_tracking":false,"_monsterinsights_sitenote_active":false,"_monsterinsights_sitenote_note":"","_monsterinsights_sitenote_category":0,"footnotes":""},"class_list":["post-2372","page","type-page","status-publish","hentry"],"aioseo_notices":[],"uagb_featured_image_src":{"full":false,"thumbnail":false,"medium":false,"medium_large":false,"large":false,"1536x1536":false,"2048x2048":false},"uagb_author_info":{"display_name":"webmaster","author_link":"https:\/\/fundacionmunay.org\/?author=1"},"uagb_comment_info":0,"uagb_excerpt":"MODALIDADES Y SERVICIO PARA LA ATENCI\u00d3N DE NI\u00d1OS. La Fundaci\u00f3n Munay brinda atenci\u00f3n en las MODALIDADES Y SERVICIO PARA LA ATENCI\u00d3N DE NI\u00d1OS, NI\u00d1AS Y ADOLESCENTES, CON PROCESO ADMINISTRATIVO DE RESTABLECIMIENTO DE DERECHOS, en la modalidad de atenci\u00f3n Intervenci\u00f3n de Apoyo Psicosocial, dirigido a ni\u00f1os, ni\u00f1as y adolescentes de 0 a 18 a\u00f1os con Proceso&hellip;","_links":{"self":[{"href":"https:\/\/fundacionmunay.org\/index.php?rest_route=\/wp\/v2\/pages\/2372","targetHints":{"allow":["GET"]}}],"collection":[{"href":"https:\/\/fundacionmunay.org\/index.php?rest_route=\/wp\/v2\/pages"}],"about":[{"href":"https:\/\/fundacionmunay.org\/index.php?rest_route=\/wp\/v2\/types\/page"}],"author":[{"embeddable":true,"href":"https:\/\/fundacionmunay.org\/index.php?rest_route=\/wp\/v2\/users\/1"}],"replies":[{"embeddable":true,"href":"https:\/\/fundacionmunay.org\/index.php?rest_route=%2Fwp%2Fv2%2Fcomments&post=2372"}],"version-history":[{"count":37,"href":"https:\/\/fundacionmunay.org\/index.php?rest_route=\/wp\/v2\/pages\/2372\/revisions"}],"predecessor-version":[{"id":3100,"href":"https:\/\/fundacionmunay.org\/index.php?rest_route=\/wp\/v2\/pages\/2372\/revisions\/3100"}],"wp:attachment":[{"href":"https:\/\/fundacionmunay.org\/index.php?rest_route=%2Fwp%2Fv2%2Fmedia&parent=2372"}],"curies":[{"name":"wp","href":"https:\/\/api.w.org\/{rel}","templated":true}]}}