{"id":2376,"date":"2025-05-15T20:12:29","date_gmt":"2021-02-26T20:33:06","guid":{"rendered":"https:\/\/fundacionmunay.org\/index.php\/faq\/"},"modified":"2025-05-21T16:47:29","modified_gmt":"2025-05-21T21:47:29","slug":"faq","status":"publish","type":"page","link":"https:\/\/fundacionmunay.org\/?page_id=2376","title":{"rendered":"Sistema Responsabilidad Penal"},"content":{"rendered":"\t\t<div data-elementor-type=\"wp-page\" data-elementor-id=\"2376\" class=\"elementor elementor-2376\" data-elementor-post-type=\"page\">\n\t\t\t\t<div class=\"elementor-element elementor-element-e42b81c e-flex e-con-boxed e-con e-parent\" data-id=\"e42b81c\" data-element_type=\"container\">\n\t\t\t\t\t<div class=\"e-con-inner\">\n\t\t<div class=\"elementor-element elementor-element-b97a929 e-con-full e-flex e-con e-child\" data-id=\"b97a929\" data-element_type=\"container\">\n\t\t\t\t<div class=\"elementor-element elementor-element-53f8621 elementor-widget elementor-widget-heading\" data-id=\"53f8621\" data-element_type=\"widget\" data-widget_type=\"heading.default\">\n\t\t\t\t<div class=\"elementor-widget-container\">\n\t\t\t\t\t<h3 class=\"elementor-heading-title elementor-size-default\">MODALIDADES QUE ATIENDEN MEDIDAS Y SANCIONES DEL PROCESO JUDICIAL.<\/h3>\t\t\t\t<\/div>\n\t\t\t\t<\/div>\n\t\t\t\t<div class=\"elementor-element elementor-element-f718ca3 elementor-widget elementor-widget-image\" data-id=\"f718ca3\" data-element_type=\"widget\" data-widget_type=\"image.default\">\n\t\t\t\t<div class=\"elementor-widget-container\">\n\t\t\t\t\t\t\t\t\t\t\t\t\t\t\t<img fetchpriority=\"high\" decoding=\"async\" width=\"1024\" height=\"192\" src=\"https:\/\/fundacionmunay.org\/wp-content\/uploads\/2025\/05\/banner2-1-1024x192.jpg\" class=\"attachment-large size-large wp-image-3091\" alt=\"\" srcset=\"https:\/\/fundacionmunay.org\/wp-content\/uploads\/2025\/05\/banner2-1-1024x192.jpg 1024w, https:\/\/fundacionmunay.org\/wp-content\/uploads\/2025\/05\/banner2-1-300x56.jpg 300w, https:\/\/fundacionmunay.org\/wp-content\/uploads\/2025\/05\/banner2-1-768x144.jpg 768w, https:\/\/fundacionmunay.org\/wp-content\/uploads\/2025\/05\/banner2-1-1536x288.jpg 1536w, https:\/\/fundacionmunay.org\/wp-content\/uploads\/2025\/05\/banner2-1.jpg 1600w\" sizes=\"(max-width: 1024px) 100vw, 1024px\" \/>\t\t\t\t\t\t\t\t\t\t\t\t\t\t\t<\/div>\n\t\t\t\t<\/div>\n\t\t\t\t<\/div>\n\t\t\t\t\t<\/div>\n\t\t\t\t<\/div>\n\t\t<div class=\"elementor-element elementor-element-ce0998c e-flex e-con-boxed e-con e-parent\" data-id=\"ce0998c\" data-element_type=\"container\">\n\t\t\t\t\t<div class=\"e-con-inner\">\n\t\t\t\t<div class=\"elementor-element elementor-element-eba616f elementor-widget elementor-widget-text-editor\" data-id=\"eba616f\" data-element_type=\"widget\" data-widget_type=\"text-editor.default\">\n\t\t\t\t<div class=\"elementor-widget-container\">\n\t\t\t\t\t\t\t\t\t<div class=\"wp-block-columns\">\n<div class=\"wp-block-column\">\n<div class=\"wp-block-columns\">\n<div class=\"wp-block-column\" style=\"flex-basis: 100%;\">\n<p>El operador pedag\u00f3gico brinda atenci\u00f3n a los adolescentes y j\u00f3venes vinculados al Sistema de Responsabilidad Penal para Adolescentes (SRPA) a trav\u00e9s de las MODALIDADES QUE ATIENDEN MEDIDAS Y SANCIONES DEL PROCESO JUDICIAL -SRPA y MEDIDAS COMPLEMENTARIAS Y ALTERNATIVAS AL PROCESO JUDICIAL SRPA &#8211; RAJ, brindando atenci\u00f3n especial a los adolescentes infractores de la Ley con claro sentido pedag\u00f3gico, atendiendo principios como el debido proceso, contemplado en el art\u00edculo 26 de la Ley 1098 de 2006.<\/p>\n<p><!-- \/wp:paragraph --><!-- wp:paragraph --><\/p>\n<p>Todo ello en el marco de la garant\u00eda de derechos, entre otros, el derecho a la vida, a la calidad de vida y a un ambiente sano como lo define el art\u00edculo 17 de la Ley 1098 de 2006. Del mismo modo, se orienta el proceso de atenci\u00f3n hacia la inclusi\u00f3n social, en los cuales los adolescentes y j\u00f3venes cumplen las \u00f3rdenes impuestas por las autoridades judiciales competentes, garantizando la finalidad del sistema y el desarrollo del car\u00e1cter pedag\u00f3gico, espec\u00edfico y diferenciado.<\/p>\n<\/div>\n<\/div>\n<\/div>\n<\/div>\n<p><!-- \/wp:columns --><!-- wp:heading {\"textAlign\":\"center\"} --><\/p>\n<h5 id=\"h-still-need-help-we-re-here\" class=\"wp-block-heading has-text-align-center\" style=\"text-align: center;\"><span style=\"color: #ffa739;\">\u00bfNecesitas Ayuda? \u00a1Estamos Aqu\u00ed!<\/span><\/h5>\n<p style=\"text-align: center;\">\u00a0<\/p>\n<p style=\"text-align: center;\"><!-- \/wp:heading --><!-- wp:buttons {\"layout\":{\"type\":\"flex\",\"justifyContent\":\"center\",\"orientation\":\"horizontal\"}} --><\/p>\n<div class=\"wp-block-buttons\" style=\"text-align: center;\"><!-- wp:button -->\n<div class=\"wp-block-button\" style=\"text-align: center;\"><a class=\"wp-block-button__link wp-element-button\" href=\"https:\/\/fundacionmunay.org\/?page_id=2307\">Cont\u00e1ctenos Ahora<\/a><\/div>\n<!-- \/wp:button --><\/div>\n<p style=\"text-align: center;\"><!-- \/wp:buttons --><!-- wp:paragraph --><\/p>\n<p style=\"text-align: center;\">\u00a0<\/p>\t\t\t\t\t\t\t\t<\/div>\n\t\t\t\t<\/div>\n\t\t\t\t\t<\/div>\n\t\t\t\t<\/div>\n\t\t\t\t<\/div>\n\t\t","protected":false},"excerpt":{"rendered":"<p>MODALIDADES QUE ATIENDEN MEDIDAS Y SANCIONES DEL PROCESO JUDICIAL. El operador pedag\u00f3gico brinda atenci\u00f3n a los adolescentes y j\u00f3venes vinculados al Sistema de Responsabilidad Penal para Adolescentes (SRPA) a trav\u00e9s de las MODALIDADES QUE ATIENDEN MEDIDAS Y SANCIONES DEL PROCESO JUDICIAL -SRPA y MEDIDAS COMPLEMENTARIAS Y ALTERNATIVAS AL PROCESO JUDICIAL SRPA &#8211; RAJ, brindando atenci\u00f3n [&hellip;]<\/p>\n","protected":false},"author":1,"featured_media":0,"parent":0,"menu_order":0,"comment_status":"closed","ping_status":"closed","template":"","meta":{"om_disable_all_campaigns":false,"_uag_custom_page_level_css":"","_monsterinsights_skip_tracking":false,"_monsterinsights_sitenote_active":false,"_monsterinsights_sitenote_note":"","_monsterinsights_sitenote_category":0,"footnotes":""},"class_list":["post-2376","page","type-page","status-publish","hentry"],"aioseo_notices":[],"uagb_featured_image_src":{"full":false,"thumbnail":false,"medium":false,"medium_large":false,"large":false,"1536x1536":false,"2048x2048":false},"uagb_author_info":{"display_name":"webmaster","author_link":"https:\/\/fundacionmunay.org\/?author=1"},"uagb_comment_info":0,"uagb_excerpt":"MODALIDADES QUE ATIENDEN MEDIDAS Y SANCIONES DEL PROCESO JUDICIAL. El operador pedag\u00f3gico brinda atenci\u00f3n a los adolescentes y j\u00f3venes vinculados al Sistema de Responsabilidad Penal para Adolescentes (SRPA) a trav\u00e9s de las MODALIDADES QUE ATIENDEN MEDIDAS Y SANCIONES DEL PROCESO JUDICIAL -SRPA y MEDIDAS COMPLEMENTARIAS Y ALTERNATIVAS AL PROCESO JUDICIAL SRPA &#8211; RAJ, brindando atenci\u00f3n&hellip;","_links":{"self":[{"href":"https:\/\/fundacionmunay.org\/index.php?rest_route=\/wp\/v2\/pages\/2376","targetHints":{"allow":["GET"]}}],"collection":[{"href":"https:\/\/fundacionmunay.org\/index.php?rest_route=\/wp\/v2\/pages"}],"about":[{"href":"https:\/\/fundacionmunay.org\/index.php?rest_route=\/wp\/v2\/types\/page"}],"author":[{"embeddable":true,"href":"https:\/\/fundacionmunay.org\/index.php?rest_route=\/wp\/v2\/users\/1"}],"replies":[{"embeddable":true,"href":"https:\/\/fundacionmunay.org\/index.php?rest_route=%2Fwp%2Fv2%2Fcomments&post=2376"}],"version-history":[{"count":25,"href":"https:\/\/fundacionmunay.org\/index.php?rest_route=\/wp\/v2\/pages\/2376\/revisions"}],"predecessor-version":[{"id":3097,"href":"https:\/\/fundacionmunay.org\/index.php?rest_route=\/wp\/v2\/pages\/2376\/revisions\/3097"}],"wp:attachment":[{"href":"https:\/\/fundacionmunay.org\/index.php?rest_route=%2Fwp%2Fv2%2Fmedia&parent=2376"}],"curies":[{"name":"wp","href":"https:\/\/api.w.org\/{rel}","templated":true}]}}