{"id":2386,"date":"2025-05-15T20:13:13","date_gmt":"2021-02-26T11:05:31","guid":{"rendered":"https:\/\/fundacionmunay.org\/index.php\/testimonials\/"},"modified":"2025-05-21T11:50:11","modified_gmt":"2025-05-21T16:50:11","slug":"testimonials","status":"publish","type":"page","link":"https:\/\/fundacionmunay.org\/?page_id=2386","title":{"rendered":"Sobre Nosotros"},"content":{"rendered":"\t\t<div data-elementor-type=\"wp-page\" data-elementor-id=\"2386\" class=\"elementor elementor-2386\" data-elementor-post-type=\"page\">\n\t\t\t\t<div class=\"elementor-element elementor-element-278cc3a e-flex e-con-boxed e-con e-parent\" data-id=\"278cc3a\" data-element_type=\"container\">\n\t\t\t\t\t<div class=\"e-con-inner\">\n\t\t<div class=\"elementor-element elementor-element-f83b979 e-con-full e-flex e-con e-child\" data-id=\"f83b979\" data-element_type=\"container\">\n\t\t\t\t<div class=\"elementor-element elementor-element-4059cc9 elementor-widget elementor-widget-text-editor\" data-id=\"4059cc9\" data-element_type=\"widget\" data-widget_type=\"text-editor.default\">\n\t\t\t\t<div class=\"elementor-widget-container\">\n\t\t\t\t\t\t\t\t\t<h2 class=\"column-title\">\u00bfQui\u00e9nes somos?<\/h2>\n<p>\u00a0<\/p>\n<p>La Fundaci\u00f3n Munay es una Instituci\u00f3n sin \u00e1nimo de lucro que brinda capacitaci\u00f3n, prevenci\u00f3n, atenci\u00f3n y tratamiento a adolescentes que se encontraban en situaci\u00f3n de calle, consumo de SPA, con medidas complementarias y sanciones del Sistema de Responsabilidad Penal para Adolescentes (SRPA) adem\u00e1s de otras situaciones de vulneraci\u00f3n de derechos con grupos poblacionales.<\/p>\n<p>\u00a0<\/p>\n\n<div class=\"wp-block-columns is-layout-flex wp-container-core-columns-is-layout-9d6595d7 wp-block-columns-is-layout-flex\">\n<div class=\"wp-block-column is-layout-flow wp-block-column-is-layout-flow\">\n<blockquote class=\"wp-block-quote is-style-large is-layout-flow wp-block-quote-is-layout-flow\">\n<p>\u201cCon el tiempo aprend\u00ed que la felicidad es consecuencia l\u00f3gica de hacer aquello que te hace feliz.\u201d<\/p>\n<cite>Ram\u00f3n Nonato<\/cite><\/blockquote>\n<\/div>\n<\/div>\t\t\t\t\t\t\t\t<\/div>\n\t\t\t\t<\/div>\n\t\t\t\t<\/div>\n\t\t<div class=\"elementor-element elementor-element-8b0a8ea e-con-full e-flex e-con e-child\" data-id=\"8b0a8ea\" data-element_type=\"container\">\n\t\t\t\t<div class=\"elementor-element elementor-element-f437664 elementor--h-position-center elementor--v-position-middle elementor-arrows-position-inside elementor-pagination-position-inside elementor-widget elementor-widget-slides\" data-id=\"f437664\" data-element_type=\"widget\" data-settings=\"{&quot;navigation&quot;:&quot;both&quot;,&quot;autoplay&quot;:&quot;yes&quot;,&quot;pause_on_hover&quot;:&quot;yes&quot;,&quot;pause_on_interaction&quot;:&quot;yes&quot;,&quot;autoplay_speed&quot;:5000,&quot;infinite&quot;:&quot;yes&quot;,&quot;transition&quot;:&quot;slide&quot;,&quot;transition_speed&quot;:500}\" data-widget_type=\"slides.default\">\n\t\t\t\t<div class=\"elementor-widget-container\">\n\t\t\t\t\t\t\t\t\t<div class=\"elementor-swiper\">\n\t\t\t\t\t<div class=\"elementor-slides-wrapper elementor-main-swiper swiper\" role=\"region\" aria-roledescription=\"carousel\" aria-label=\"Slides\" dir=\"ltr\" data-animation=\"fadeInUp\">\n\t\t\t\t<div class=\"swiper-wrapper elementor-slides\">\n\t\t\t\t\t\t\t\t\t\t<div class=\"elementor-repeater-item-0bc35e0 swiper-slide\" role=\"group\" aria-roledescription=\"slide\"><div class=\"swiper-slide-bg\" role=\"img\"><\/div><div class=\"swiper-slide-inner\" ><div class=\"swiper-slide-contents\"><div class=\"elementor-slide-heading\">MISI\u00d3N<\/div><div class=\"elementor-slide-description\">La fundaci\u00f3n Munay inspirada en sus principios filos\u00f3ficos y sus valores, brinda capacitaci\u00f3n, prevenci\u00f3n, atenci\u00f3n y tratamiento a ni\u00f1os, ni\u00f1as y adolescentes en situaciones de vulnerabilidad, mediante estrategias pedag\u00f3gico-terap\u00e9uticas que propendan con el desarrollo digno e integral como seres humanos sujetos de derechos y deberes.<\/div><\/div><\/div><\/div><div class=\"elementor-repeater-item-b39cde9 swiper-slide\" role=\"group\" aria-roledescription=\"slide\"><div class=\"swiper-slide-bg\" role=\"img\"><\/div><div class=\"swiper-slide-inner\" ><div class=\"swiper-slide-contents\"><div class=\"elementor-slide-heading\">VISI\u00d3N<\/div><div class=\"elementor-slide-description\">En el a\u00f1o 2025, la Fundaci\u00f3n Munay ser\u00e1 reconocida en el concurso nacional e internacional; liderando programas de atenci\u00f3n, investigaci\u00f3n y formaci\u00f3n integral en el marco de los derechos deberes de los ni\u00f1os, ni\u00f1as y adolescentes, contribuyendo as\u00ed en la transformaci\u00f3n de la familia y la sociedad.<\/div><\/div><\/div><\/div>\t\t\t\t<\/div>\n\t\t\t\t\t\t\t\t\t\t\t\t\t\t\t<div class=\"elementor-swiper-button elementor-swiper-button-prev\" role=\"button\" tabindex=\"0\" aria-label=\"Previous slide\">\n\t\t\t\t\t\t\t<svg aria-hidden=\"true\" class=\"e-font-icon-svg e-eicon-chevron-left\" viewBox=\"0 0 1000 1000\" xmlns=\"http:\/\/www.w3.org\/2000\/svg\"><path d=\"M646 125C629 125 613 133 604 142L308 442C296 454 292 471 292 487 292 504 296 521 308 533L604 854C617 867 629 875 646 875 663 875 679 871 692 858 704 846 713 829 713 812 713 796 708 779 692 767L438 487 692 225C700 217 708 204 708 187 708 171 704 154 692 142 675 129 663 125 646 125Z\"><\/path><\/svg>\t\t\t\t\t\t<\/div>\n\t\t\t\t\t\t<div class=\"elementor-swiper-button elementor-swiper-button-next\" role=\"button\" tabindex=\"0\" aria-label=\"Next slide\">\n\t\t\t\t\t\t\t<svg aria-hidden=\"true\" class=\"e-font-icon-svg e-eicon-chevron-right\" viewBox=\"0 0 1000 1000\" xmlns=\"http:\/\/www.w3.org\/2000\/svg\"><path d=\"M696 533C708 521 713 504 713 487 713 471 708 454 696 446L400 146C388 133 375 125 354 125 338 125 325 129 313 142 300 154 292 171 292 187 292 204 296 221 308 233L563 492 304 771C292 783 288 800 288 817 288 833 296 850 308 863 321 871 338 875 354 875 371 875 388 867 400 854L696 533Z\"><\/path><\/svg>\t\t\t\t\t\t<\/div>\n\t\t\t\t\t\t\t\t\t\t\t\t\t\t\t\t<div class=\"swiper-pagination\"><\/div>\n\t\t\t\t\t\t\t\t\t\t\t\t<\/div>\n\t\t\t\t<\/div>\n\t\t\t\t\t\t\t\t<\/div>\n\t\t\t\t<\/div>\n\t\t\t\t<\/div>\n\t\t\t\t\t<\/div>\n\t\t\t\t<\/div>\n\t\t<div class=\"elementor-element elementor-element-e8d8148 e-con-full e-flex e-con e-parent\" data-id=\"e8d8148\" data-element_type=\"container\">\n\t\t<div class=\"elementor-element elementor-element-2cba226 e-con-full e-flex e-con e-child\" data-id=\"2cba226\" data-element_type=\"container\">\n\t\t\t\t<div class=\"elementor-element elementor-element-52b225f elementor-widget elementor-widget-image\" data-id=\"52b225f\" data-element_type=\"widget\" data-widget_type=\"image.default\">\n\t\t\t\t<div class=\"elementor-widget-container\">\n\t\t\t\t\t\t\t\t\t\t\t\t\t\t\t<img decoding=\"async\" width=\"60\" height=\"60\" src=\"https:\/\/fundacionmunay.org\/wp-content\/uploads\/2025\/05\/fact1.png\" class=\"attachment-large size-large wp-image-2910\" alt=\"\" \/>\t\t\t\t\t\t\t\t\t\t\t\t\t\t\t<\/div>\n\t\t\t\t<\/div>\n\t\t\t\t<div class=\"elementor-element elementor-element-21adcd2 elementor-widget elementor-widget-counter\" data-id=\"21adcd2\" data-element_type=\"widget\" data-widget_type=\"counter.default\">\n\t\t\t\t<div class=\"elementor-widget-container\">\n\t\t\t\t\t\t\t<div class=\"elementor-counter\">\n\t\t\t<div class=\"elementor-counter-title\">TOTAL PROYECTOS<\/div>\t\t\t<div class=\"elementor-counter-number-wrapper\">\n\t\t\t\t<span class=\"elementor-counter-number-prefix\"><\/span>\n\t\t\t\t<span class=\"elementor-counter-number\" data-duration=\"2000\" data-to-value=\"2\" data-from-value=\"0\" data-delimiter=\",\">0<\/span>\n\t\t\t\t<span class=\"elementor-counter-number-suffix\"><\/span>\n\t\t\t<\/div>\n\t\t<\/div>\n\t\t\t\t\t\t<\/div>\n\t\t\t\t<\/div>\n\t\t\t\t<\/div>\n\t\t<div class=\"elementor-element elementor-element-21631fc e-con-full e-flex e-con e-child\" data-id=\"21631fc\" data-element_type=\"container\">\n\t\t\t\t<div class=\"elementor-element elementor-element-6f8fcba elementor-widget elementor-widget-image\" data-id=\"6f8fcba\" data-element_type=\"widget\" data-widget_type=\"image.default\">\n\t\t\t\t<div class=\"elementor-widget-container\">\n\t\t\t\t\t\t\t\t\t\t\t\t\t\t\t<img decoding=\"async\" width=\"60\" height=\"60\" src=\"https:\/\/fundacionmunay.org\/wp-content\/uploads\/2025\/05\/fact2.png\" class=\"attachment-large size-large wp-image-2911\" alt=\"\" \/>\t\t\t\t\t\t\t\t\t\t\t\t\t\t\t<\/div>\n\t\t\t\t<\/div>\n\t\t\t\t<div class=\"elementor-element elementor-element-faf51cb elementor-widget elementor-widget-counter\" data-id=\"faf51cb\" data-element_type=\"widget\" data-widget_type=\"counter.default\">\n\t\t\t\t<div class=\"elementor-widget-container\">\n\t\t\t\t\t\t\t<div class=\"elementor-counter\">\n\t\t\t<div class=\"elementor-counter-title\">COLABORADORES<\/div>\t\t\t<div class=\"elementor-counter-number-wrapper\">\n\t\t\t\t<span class=\"elementor-counter-number-prefix\"><\/span>\n\t\t\t\t<span class=\"elementor-counter-number\" data-duration=\"2000\" data-to-value=\"80\" data-from-value=\"0\" data-delimiter=\",\">0<\/span>\n\t\t\t\t<span class=\"elementor-counter-number-suffix\"><\/span>\n\t\t\t<\/div>\n\t\t<\/div>\n\t\t\t\t\t\t<\/div>\n\t\t\t\t<\/div>\n\t\t\t\t<\/div>\n\t\t<div class=\"elementor-element elementor-element-7fc686e e-con-full e-flex e-con e-child\" data-id=\"7fc686e\" data-element_type=\"container\">\n\t\t\t\t<div class=\"elementor-element elementor-element-bddc07d elementor-widget elementor-widget-image\" data-id=\"bddc07d\" data-element_type=\"widget\" data-widget_type=\"image.default\">\n\t\t\t\t<div class=\"elementor-widget-container\">\n\t\t\t\t\t\t\t\t\t\t\t\t\t\t\t<img decoding=\"async\" width=\"60\" height=\"60\" src=\"https:\/\/fundacionmunay.org\/wp-content\/uploads\/2025\/05\/fact3.png\" class=\"attachment-large size-large wp-image-2912\" alt=\"\" \/>\t\t\t\t\t\t\t\t\t\t\t\t\t\t\t<\/div>\n\t\t\t\t<\/div>\n\t\t\t\t<div class=\"elementor-element elementor-element-1baf1fc elementor-widget elementor-widget-counter\" data-id=\"1baf1fc\" data-element_type=\"widget\" data-widget_type=\"counter.default\">\n\t\t\t\t<div class=\"elementor-widget-container\">\n\t\t\t\t\t\t\t<div class=\"elementor-counter\">\n\t\t\t<div class=\"elementor-counter-title\">HORAS TRABAJADAS<\/div>\t\t\t<div class=\"elementor-counter-number-wrapper\">\n\t\t\t\t<span class=\"elementor-counter-number-prefix\"><\/span>\n\t\t\t\t<span class=\"elementor-counter-number\" data-duration=\"2000\" data-to-value=\"1200\" data-from-value=\"0\" data-delimiter=\",\">0<\/span>\n\t\t\t\t<span class=\"elementor-counter-number-suffix\"><\/span>\n\t\t\t<\/div>\n\t\t<\/div>\n\t\t\t\t\t\t<\/div>\n\t\t\t\t<\/div>\n\t\t\t\t<\/div>\n\t\t<div class=\"elementor-element elementor-element-3f2008c e-con-full e-flex e-con e-child\" data-id=\"3f2008c\" data-element_type=\"container\">\n\t\t\t\t<div class=\"elementor-element elementor-element-7abb897 elementor-widget elementor-widget-image\" data-id=\"7abb897\" data-element_type=\"widget\" data-widget_type=\"image.default\">\n\t\t\t\t<div class=\"elementor-widget-container\">\n\t\t\t\t\t\t\t\t\t\t\t\t\t\t\t<img loading=\"lazy\" decoding=\"async\" width=\"60\" height=\"60\" src=\"https:\/\/fundacionmunay.org\/wp-content\/uploads\/2025\/05\/fact4.png\" class=\"attachment-large size-large wp-image-2913\" alt=\"\" \/>\t\t\t\t\t\t\t\t\t\t\t\t\t\t\t<\/div>\n\t\t\t\t<\/div>\n\t\t\t\t<div class=\"elementor-element elementor-element-a33fe54 elementor-widget elementor-widget-counter\" data-id=\"a33fe54\" data-element_type=\"widget\" data-widget_type=\"counter.default\">\n\t\t\t\t<div class=\"elementor-widget-container\">\n\t\t\t\t\t\t\t<div class=\"elementor-counter\">\n\t\t\t<div class=\"elementor-counter-title\">PUNTOS NACIONALES<\/div>\t\t\t<div class=\"elementor-counter-number-wrapper\">\n\t\t\t\t<span class=\"elementor-counter-number-prefix\"><\/span>\n\t\t\t\t<span class=\"elementor-counter-number\" data-duration=\"2000\" data-to-value=\"5\" data-from-value=\"0\" data-delimiter=\",\">0<\/span>\n\t\t\t\t<span class=\"elementor-counter-number-suffix\"><\/span>\n\t\t\t<\/div>\n\t\t<\/div>\n\t\t\t\t\t\t<\/div>\n\t\t\t\t<\/div>\n\t\t\t\t<\/div>\n\t\t\t\t<\/div>\n\t\t<div class=\"elementor-element elementor-element-917afce e-flex e-con-boxed e-con e-parent\" data-id=\"917afce\" data-element_type=\"container\">\n\t\t\t\t\t<div class=\"e-con-inner\">\n\t\t\t\t<div class=\"elementor-element elementor-element-bcf43ff elementor-widget elementor-widget-heading\" data-id=\"bcf43ff\" data-element_type=\"widget\" data-widget_type=\"heading.default\">\n\t\t\t\t<div class=\"elementor-widget-container\">\n\t\t\t\t\t<h2 class=\"elementor-heading-title elementor-size-default\"><br><br>SERVICIO DE CALIDAD<\/h2>\t\t\t\t<\/div>\n\t\t\t\t<\/div>\n\t\t\t\t<div class=\"elementor-element elementor-element-1cfda6c elementor-widget elementor-widget-heading\" data-id=\"1cfda6c\" data-element_type=\"widget\" data-widget_type=\"heading.default\">\n\t\t\t\t<div class=\"elementor-widget-container\">\n\t\t\t\t\t<h2 class=\"elementor-heading-title elementor-size-default\">EQUIPO PROFESIONAL<br><\/h2>\t\t\t\t<\/div>\n\t\t\t\t<\/div>\n\t\t\t\t\t<\/div>\n\t\t\t\t<\/div>\n\t\t<div class=\"elementor-element elementor-element-83bf2c6 e-flex e-con-boxed e-con e-parent\" data-id=\"83bf2c6\" data-element_type=\"container\">\n\t\t\t\t\t<div class=\"e-con-inner\">\n\t\t\t\t<div class=\"elementor-element elementor-element-41b18da elementor-widget elementor-widget-gallery\" data-id=\"41b18da\" data-element_type=\"widget\" data-settings=\"{&quot;gallery_layout&quot;:&quot;justified&quot;,&quot;ideal_row_height&quot;:{&quot;unit&quot;:&quot;px&quot;,&quot;size&quot;:235,&quot;sizes&quot;:[]},&quot;gap&quot;:{&quot;unit&quot;:&quot;px&quot;,&quot;size&quot;:4,&quot;sizes&quot;:[]},&quot;overlay_title&quot;:&quot;title&quot;,&quot;overlay_description&quot;:&quot;description&quot;,&quot;image_hover_animation&quot;:&quot;grow&quot;,&quot;background_overlay_hover_animation&quot;:&quot;enter-zoom-out&quot;,&quot;lazyload&quot;:&quot;yes&quot;,&quot;ideal_row_height_tablet&quot;:{&quot;unit&quot;:&quot;px&quot;,&quot;size&quot;:150,&quot;sizes&quot;:[]},&quot;ideal_row_height_mobile&quot;:{&quot;unit&quot;:&quot;px&quot;,&quot;size&quot;:150,&quot;sizes&quot;:[]},&quot;gap_tablet&quot;:{&quot;unit&quot;:&quot;px&quot;,&quot;size&quot;:10,&quot;sizes&quot;:[]},&quot;gap_mobile&quot;:{&quot;unit&quot;:&quot;px&quot;,&quot;size&quot;:10,&quot;sizes&quot;:[]},&quot;link_to&quot;:&quot;file&quot;,&quot;overlay_background&quot;:&quot;yes&quot;}\" data-widget_type=\"gallery.default\">\n\t\t\t\t<div class=\"elementor-widget-container\">\n\t\t\t\t\t\t\t<div class=\"elementor-gallery__container\">\n\t\t\t\t\t\t\t<a class=\"e-gallery-item elementor-gallery-item elementor-animated-content\" href=\"https:\/\/fundacionmunay.org\/wp-content\/uploads\/2025\/05\/team1-1.jpg\" data-elementor-open-lightbox=\"yes\" data-elementor-lightbox-slideshow=\"41b18da\" data-elementor-lightbox-title=\"DIRECCI\u00d3N EJECUTIVA\" data-elementor-lightbox-description=\"Profesional - Log\u00edstica\" data-e-action-hash=\"#elementor-action%3Aaction%3Dlightbox%26settings%3DeyJpZCI6Mjg2MiwidXJsIjoiaHR0cHM6XC9cL2Z1bmRhY2lvbm11bmF5Lm9yZ1wvd3AtY29udGVudFwvdXBsb2Fkc1wvMjAyNVwvMDVcL3RlYW0xLTEuanBnIiwic2xpZGVzaG93IjoiNDFiMThkYSJ9\">\n\t\t\t\t\t<div class=\"e-gallery-image elementor-gallery-item__image\" data-thumbnail=\"https:\/\/fundacionmunay.org\/wp-content\/uploads\/2025\/05\/team1-1.jpg\" data-width=\"263\" data-height=\"300\" aria-label=\"\" role=\"img\" ><\/div>\n\t\t\t\t\t\t\t\t\t\t\t<div class=\"elementor-gallery-item__overlay\"><\/div>\n\t\t\t\t\t\t\t\t\t\t\t\t\t\t\t<div class=\"elementor-gallery-item__content\">\n\t\t\t\t\t\t\t\t\t\t\t\t\t\t<div class=\"elementor-gallery-item__title\">\n\t\t\t\t\t\t\t\t\t\t\t\t\t\t\t\t\t\tDIRECCI\u00d3N EJECUTIVA\t\t\t\t\t\t\t\t<\/div>\n\t\t\t\t\t\t\t\t\t\t\t\t\t\t\t<div class=\"elementor-gallery-item__description\">\n\t\t\t\t\t\t\t\t\t\t\t\t\t\t\t\t\t\tProfesional - Log\u00edstica\t\t\t\t\t\t\t\t<\/div>\n\t\t\t\t\t\t\t\t\t\t\t\t<\/div>\n\t\t\t\t\t\t\t\t\t<\/a>\n\t\t\t\t\t\t\t<a class=\"e-gallery-item elementor-gallery-item elementor-animated-content\" href=\"https:\/\/fundacionmunay.org\/wp-content\/uploads\/2025\/05\/team2-1.jpg\" data-elementor-open-lightbox=\"yes\" data-elementor-lightbox-slideshow=\"41b18da\" data-elementor-lightbox-title=\"SUBDIRECCI\u00d3N T\u00c9CNICA\" data-elementor-lightbox-description=\"Protecci\u00f3n y Bienestar\" data-e-action-hash=\"#elementor-action%3Aaction%3Dlightbox%26settings%3DeyJpZCI6Mjg2MywidXJsIjoiaHR0cHM6XC9cL2Z1bmRhY2lvbm11bmF5Lm9yZ1wvd3AtY29udGVudFwvdXBsb2Fkc1wvMjAyNVwvMDVcL3RlYW0yLTEuanBnIiwic2xpZGVzaG93IjoiNDFiMThkYSJ9\">\n\t\t\t\t\t<div class=\"e-gallery-image elementor-gallery-item__image\" data-thumbnail=\"https:\/\/fundacionmunay.org\/wp-content\/uploads\/2025\/05\/team2-1.jpg\" data-width=\"263\" data-height=\"300\" aria-label=\"\" role=\"img\" ><\/div>\n\t\t\t\t\t\t\t\t\t\t\t<div class=\"elementor-gallery-item__overlay\"><\/div>\n\t\t\t\t\t\t\t\t\t\t\t\t\t\t\t<div class=\"elementor-gallery-item__content\">\n\t\t\t\t\t\t\t\t\t\t\t\t\t\t<div class=\"elementor-gallery-item__title\">\n\t\t\t\t\t\t\t\t\t\t\t\t\t\t\t\t\t\tSUBDIRECCI\u00d3N T\u00c9CNICA\t\t\t\t\t\t\t\t<\/div>\n\t\t\t\t\t\t\t\t\t\t\t\t\t\t\t<div class=\"elementor-gallery-item__description\">\n\t\t\t\t\t\t\t\t\t\t\t\t\t\t\t\t\t\tProtecci\u00f3n y Bienestar\t\t\t\t\t\t\t\t<\/div>\n\t\t\t\t\t\t\t\t\t\t\t\t<\/div>\n\t\t\t\t\t\t\t\t\t<\/a>\n\t\t\t\t\t\t\t<a class=\"e-gallery-item elementor-gallery-item elementor-animated-content\" href=\"https:\/\/fundacionmunay.org\/wp-content\/uploads\/2025\/05\/team3-1.jpg\" data-elementor-open-lightbox=\"yes\" data-elementor-lightbox-slideshow=\"41b18da\" data-elementor-lightbox-title=\"\u00c1REA FINANCIERA\" data-elementor-lightbox-description=\"Planeaci\u00f3n e Infraestructura\" data-e-action-hash=\"#elementor-action%3Aaction%3Dlightbox%26settings%3DeyJpZCI6Mjg2NCwidXJsIjoiaHR0cHM6XC9cL2Z1bmRhY2lvbm11bmF5Lm9yZ1wvd3AtY29udGVudFwvdXBsb2Fkc1wvMjAyNVwvMDVcL3RlYW0zLTEuanBnIiwic2xpZGVzaG93IjoiNDFiMThkYSJ9\">\n\t\t\t\t\t<div class=\"e-gallery-image elementor-gallery-item__image\" data-thumbnail=\"https:\/\/fundacionmunay.org\/wp-content\/uploads\/2025\/05\/team3-1.jpg\" data-width=\"263\" data-height=\"300\" aria-label=\"\" role=\"img\" ><\/div>\n\t\t\t\t\t\t\t\t\t\t\t<div class=\"elementor-gallery-item__overlay\"><\/div>\n\t\t\t\t\t\t\t\t\t\t\t\t\t\t\t<div class=\"elementor-gallery-item__content\">\n\t\t\t\t\t\t\t\t\t\t\t\t\t\t<div class=\"elementor-gallery-item__title\">\n\t\t\t\t\t\t\t\t\t\t\t\t\t\t\t\t\t\t\u00c1REA FINANCIERA\t\t\t\t\t\t\t\t<\/div>\n\t\t\t\t\t\t\t\t\t\t\t\t\t\t\t<div class=\"elementor-gallery-item__description\">\n\t\t\t\t\t\t\t\t\t\t\t\t\t\t\t\t\t\tPlaneaci\u00f3n e Infraestructura\t\t\t\t\t\t\t\t<\/div>\n\t\t\t\t\t\t\t\t\t\t\t\t<\/div>\n\t\t\t\t\t\t\t\t\t<\/a>\n\t\t\t\t\t\t\t<a class=\"e-gallery-item elementor-gallery-item elementor-animated-content\" href=\"https:\/\/fundacionmunay.org\/wp-content\/uploads\/2025\/05\/team4-1.jpg\" data-elementor-open-lightbox=\"yes\" data-elementor-lightbox-slideshow=\"41b18da\" data-elementor-lightbox-title=\"GESTION HUMANA\" data-elementor-lightbox-description=\"Control Interno\" data-e-action-hash=\"#elementor-action%3Aaction%3Dlightbox%26settings%3DeyJpZCI6Mjg2NSwidXJsIjoiaHR0cHM6XC9cL2Z1bmRhY2lvbm11bmF5Lm9yZ1wvd3AtY29udGVudFwvdXBsb2Fkc1wvMjAyNVwvMDVcL3RlYW00LTEuanBnIiwic2xpZGVzaG93IjoiNDFiMThkYSJ9\">\n\t\t\t\t\t<div class=\"e-gallery-image elementor-gallery-item__image\" data-thumbnail=\"https:\/\/fundacionmunay.org\/wp-content\/uploads\/2025\/05\/team4-1.jpg\" data-width=\"263\" data-height=\"300\" aria-label=\"\" role=\"img\" ><\/div>\n\t\t\t\t\t\t\t\t\t\t\t<div class=\"elementor-gallery-item__overlay\"><\/div>\n\t\t\t\t\t\t\t\t\t\t\t\t\t\t\t<div class=\"elementor-gallery-item__content\">\n\t\t\t\t\t\t\t\t\t\t\t\t\t\t<div class=\"elementor-gallery-item__title\">\n\t\t\t\t\t\t\t\t\t\t\t\t\t\t\t\t\t\tGESTION HUMANA\t\t\t\t\t\t\t\t<\/div>\n\t\t\t\t\t\t\t\t\t\t\t\t\t\t\t<div class=\"elementor-gallery-item__description\">\n\t\t\t\t\t\t\t\t\t\t\t\t\t\t\t\t\t\tControl Interno\t\t\t\t\t\t\t\t<\/div>\n\t\t\t\t\t\t\t\t\t\t\t\t<\/div>\n\t\t\t\t\t\t\t\t\t<\/a>\n\t\t\t\t\t\t\t<a class=\"e-gallery-item elementor-gallery-item elementor-animated-content\" href=\"https:\/\/fundacionmunay.org\/wp-content\/uploads\/2025\/05\/team5-1.jpg\" data-elementor-open-lightbox=\"yes\" data-elementor-lightbox-slideshow=\"41b18da\" data-elementor-lightbox-title=\"COMUNICACIONES\" data-elementor-lightbox-description=\"Canales de comunicaci\u00f3n\" data-e-action-hash=\"#elementor-action%3Aaction%3Dlightbox%26settings%3DeyJpZCI6Mjk0OSwidXJsIjoiaHR0cHM6XC9cL2Z1bmRhY2lvbm11bmF5Lm9yZ1wvd3AtY29udGVudFwvdXBsb2Fkc1wvMjAyNVwvMDVcL3RlYW01LTEuanBnIiwic2xpZGVzaG93IjoiNDFiMThkYSJ9\">\n\t\t\t\t\t<div class=\"e-gallery-image elementor-gallery-item__image\" data-thumbnail=\"https:\/\/fundacionmunay.org\/wp-content\/uploads\/2025\/05\/team5-1.jpg\" data-width=\"263\" data-height=\"300\" aria-label=\"\" role=\"img\" ><\/div>\n\t\t\t\t\t\t\t\t\t\t\t<div class=\"elementor-gallery-item__overlay\"><\/div>\n\t\t\t\t\t\t\t\t\t\t\t\t\t\t\t<div class=\"elementor-gallery-item__content\">\n\t\t\t\t\t\t\t\t\t\t\t\t\t\t<div class=\"elementor-gallery-item__title\">\n\t\t\t\t\t\t\t\t\t\t\t\t\t\t\t\t\t\tCOMUNICACIONES\t\t\t\t\t\t\t\t<\/div>\n\t\t\t\t\t\t\t\t\t\t\t\t\t\t\t<div class=\"elementor-gallery-item__description\">\n\t\t\t\t\t\t\t\t\t\t\t\t\t\t\t\t\t\tCanales de comunicaci\u00f3n\t\t\t\t\t\t\t\t<\/div>\n\t\t\t\t\t\t\t\t\t\t\t\t<\/div>\n\t\t\t\t\t\t\t\t\t<\/a>\n\t\t\t\t\t<\/div>\n\t\t\t\t\t<\/div>\n\t\t\t\t<\/div>\n\t\t\t\t\t<\/div>\n\t\t\t\t<\/div>\n\t\t\t\t<\/div>\n\t\t","protected":false},"excerpt":{"rendered":"<p>\u00bfQui\u00e9nes somos? \u00a0 La Fundaci\u00f3n Munay es una Instituci\u00f3n sin \u00e1nimo de lucro que brinda capacitaci\u00f3n, prevenci\u00f3n, atenci\u00f3n y tratamiento a adolescentes que se encontraban en situaci\u00f3n de calle, consumo de SPA, con medidas complementarias y sanciones del Sistema de Responsabilidad Penal para Adolescentes (SRPA) adem\u00e1s de otras situaciones de vulneraci\u00f3n de derechos con grupos [&hellip;]<\/p>\n","protected":false},"author":1,"featured_media":0,"parent":0,"menu_order":0,"comment_status":"closed","ping_status":"closed","template":"","meta":{"om_disable_all_campaigns":false,"_uag_custom_page_level_css":"","_monsterinsights_skip_tracking":false,"_monsterinsights_sitenote_active":false,"_monsterinsights_sitenote_note":"","_monsterinsights_sitenote_category":0,"footnotes":""},"class_list":["post-2386","page","type-page","status-publish","hentry"],"aioseo_notices":[],"uagb_featured_image_src":{"full":false,"thumbnail":false,"medium":false,"medium_large":false,"large":false,"1536x1536":false,"2048x2048":false},"uagb_author_info":{"display_name":"webmaster","author_link":"https:\/\/fundacionmunay.org\/?author=1"},"uagb_comment_info":0,"uagb_excerpt":"\u00bfQui\u00e9nes somos? \u00a0 La Fundaci\u00f3n Munay es una Instituci\u00f3n sin \u00e1nimo de lucro que brinda capacitaci\u00f3n, prevenci\u00f3n, atenci\u00f3n y tratamiento a adolescentes que se encontraban en situaci\u00f3n de calle, consumo de SPA, con medidas complementarias y sanciones del Sistema de Responsabilidad Penal para Adolescentes (SRPA) adem\u00e1s de otras situaciones de vulneraci\u00f3n de derechos con grupos&hellip;","_links":{"self":[{"href":"https:\/\/fundacionmunay.org\/index.php?rest_route=\/wp\/v2\/pages\/2386","targetHints":{"allow":["GET"]}}],"collection":[{"href":"https:\/\/fundacionmunay.org\/index.php?rest_route=\/wp\/v2\/pages"}],"about":[{"href":"https:\/\/fundacionmunay.org\/index.php?rest_route=\/wp\/v2\/types\/page"}],"author":[{"embeddable":true,"href":"https:\/\/fundacionmunay.org\/index.php?rest_route=\/wp\/v2\/users\/1"}],"replies":[{"embeddable":true,"href":"https:\/\/fundacionmunay.org\/index.php?rest_route=%2Fwp%2Fv2%2Fcomments&post=2386"}],"version-history":[{"count":86,"href":"https:\/\/fundacionmunay.org\/index.php?rest_route=\/wp\/v2\/pages\/2386\/revisions"}],"predecessor-version":[{"id":2968,"href":"https:\/\/fundacionmunay.org\/index.php?rest_route=\/wp\/v2\/pages\/2386\/revisions\/2968"}],"wp:attachment":[{"href":"https:\/\/fundacionmunay.org\/index.php?rest_route=%2Fwp%2Fv2%2Fmedia&parent=2386"}],"curies":[{"name":"wp","href":"https:\/\/api.w.org\/{rel}","templated":true}]}}