{"id":2428,"date":"2025-05-16T09:19:20","date_gmt":"2025-05-16T14:19:20","guid":{"rendered":"https:\/\/fundacionmunay.org\/?page_id=2428"},"modified":"2025-06-28T21:18:40","modified_gmt":"2025-06-29T02:18:40","slug":"informe-anual-informe-anual","status":"publish","type":"page","link":"https:\/\/fundacionmunay.org\/?page_id=2428","title":{"rendered":"Informe Anual Gubernamental"},"content":{"rendered":"\t\t<div data-elementor-type=\"wp-page\" data-elementor-id=\"2428\" class=\"elementor elementor-2428\" data-elementor-post-type=\"page\">\n\t\t\t\t<div class=\"elementor-element elementor-element-9480b17 e-flex e-con-boxed e-con e-parent\" data-id=\"9480b17\" data-element_type=\"container\">\n\t\t\t\t\t<div class=\"e-con-inner\">\n\t\t\t\t<div class=\"elementor-element elementor-element-eece29e elementor-widget elementor-widget-text-editor\" data-id=\"eece29e\" data-element_type=\"widget\" data-widget_type=\"text-editor.default\">\n\t\t\t\t<div class=\"elementor-widget-container\">\n\t\t\t\t\t\t\t\t\t<p><span data-huuid=\"5894327803376040400\">La Fundaci\u00f3n Munay\u00a0<mark class=\"QVRyCf\">es una fundaci\u00f3n con sede en Medell\u00edn, Antioquia, reconocida por el Instituto Colombiano de Bienestar Familiar (ICBF)<\/mark>.\u00a0<\/span><span data-huuid=\"5894327803376041979\">Es una entidad sin \u00e1nimo de lucro que opera con el apoyo del ICBF y est\u00e1 dirigida a la atenci\u00f3n de ni\u00f1os, adolescentes y j\u00f3venes en situaci\u00f3n de vulnerabilidad<\/span><\/p><div class=\"WaaZC\"><div class=\"RJPOee EIJn2\"><div class=\"rPeykc uP58nb\" data-hveid=\"CAoQAQ\" data-ved=\"2ahUKEwi87qfGoqiNAxVWsoQIHSfPCQIQo_EKegQIChAB\"><span data-huuid=\"4946549716011579835\"><span role=\"heading\" aria-level=\"2\">La Fundaci\u00f3n Munay se dedica a:<\/span><\/span><\/div><\/div><\/div><div class=\"WaaZC\"><div class=\"RJPOee EIJn2\"><ul data-hveid=\"CBkQAQ\" data-ved=\"2ahUKEwi87qfGoqiNAxVWsoQIHSfPCQIQm_YKegQIGRAB\"><li class=\"K3KsMc\"><div class=\"zMgcWd dSKvsb\" data-il=\"\"><div data-crb-p=\"\"><div class=\"xFTqob\"><div class=\"Gur8Ad\"><strong>Prevenci\u00f3n, atenci\u00f3n y tratamiento:<\/strong><span data-huuid=\"4946549716011578663\">Brinda servicios a ni\u00f1os, adolescentes y j\u00f3venes en situaci\u00f3n de vulnerabilidad.<span class=\"pjBG2e\" data-cid=\"6136f42a-4673-407d-bb46-5e25c96f5a0f\"><span class=\"UV3uM\">\u00a0<\/span><\/span><\/span><\/div><\/div><\/div><\/div><\/li><li class=\"K3KsMc\"><div class=\"zMgcWd dSKvsb\" data-il=\"\"><div data-crb-p=\"\"><div class=\"xFTqob\"><div class=\"Gur8Ad\"><span data-huuid=\"4946549716011580125\"><strong>Desarrollo social y comunitario:<\/strong><\/span><span data-huuid=\"4946549716011578808\">Realiza actividades de sistematizaci\u00f3n, estudio e investigaci\u00f3n social en temas como igualdad de g\u00e9nero, interculturalidad, migraci\u00f3n, derechos humanos, empleo y pobreza.<span class=\"pjBG2e\" data-cid=\"6d6ce842-217e-429b-b3e6-5104465e375b\"><span class=\"UV3uM\">\u00a0<\/span><\/span><\/span><\/div><\/div><\/div><\/div><\/li><li class=\"K3KsMc\"><div class=\"zMgcWd dSKvsb\" data-il=\"\"><div data-crb-p=\"\"><div class=\"xFTqob\"><div class=\"Gur8Ad\"><span data-huuid=\"4946549716011580270\"><strong>Apoyo institucional:<\/strong><\/span><span data-huuid=\"4946549716011578953\">Trabaja en colaboraci\u00f3n con el ICBF para la implementaci\u00f3n de programas y proyectos.<span class=\"pjBG2e\" data-cid=\"5a939869-eca7-4881-82fd-dc434d6d00ec\"><span class=\"UV3uM\">\u00a0<\/span><\/span><\/span><\/div><\/div><\/div><div data-crb-p=\"\">\u00a0<\/div><\/div><\/li><\/ul><\/div><\/div><div class=\"WaaZC\"><div class=\"RJPOee EIJn2\">\u00a0<\/div><\/div>\t\t\t\t\t\t\t\t<\/div>\n\t\t\t\t<\/div>\n\t\t\t\t\t<\/div>\n\t\t\t\t<\/div>\n\t\t<div class=\"elementor-element elementor-element-aff6ae0 e-con-full e-flex e-con e-parent\" data-id=\"aff6ae0\" data-element_type=\"container\">\n\t\t<div class=\"elementor-element elementor-element-2466599 e-con-full e-flex e-con e-child\" data-id=\"2466599\" data-element_type=\"container\">\n\t\t\t\t<div class=\"elementor-element elementor-element-d98481f elementor-widget elementor-widget-text-editor\" data-id=\"d98481f\" data-element_type=\"widget\" data-widget_type=\"text-editor.default\">\n\t\t\t\t<div class=\"elementor-widget-container\">\n\t\t\t\t\t\t\t\t\t<h4><div class=\"_df_thumb \" id=\"df_2533\"  _slug=\"certificado-cumplimineto\" data-title=\"certificado-cumplimineto\" wpoptions=\"true\" thumbtype=\"\" >Certificado Cumplimineto<\/div><script class=\"df-shortcode-script\" nowprocket type=\"application\/javascript\">window.option_df_2533 = {\"outline\":[],\"autoEnableOutline\":\"false\",\"autoEnableThumbnail\":\"false\",\"overwritePDFOutline\":\"false\",\"direction\":\"1\",\"pageSize\":\"0\",\"source\":\"https:\\\/\\\/fundacionmunay.org\\\/wp-content\\\/uploads\\\/2025\\\/06\\\/Certificado-Cumplimiento-Requisitos-2025.pdf\",\"wpOptions\":\"true\"}; if(window.DFLIP && window.DFLIP.parseBooks){window.DFLIP.parseBooks();}<\/script><\/h4><p class=\"ts-service-box-img\">Brindar atenci\u00f3n y formaci\u00f3n integral a ni\u00f1os y adolescentes con miras de garantizar y restablecer sus derechos<\/p>\t\t\t\t\t\t\t\t<\/div>\n\t\t\t\t<\/div>\n\t\t\t\t<div class=\"elementor-element elementor-element-24a78d1 elementor-widget elementor-widget-text-editor\" data-id=\"24a78d1\" data-element_type=\"widget\" data-widget_type=\"text-editor.default\">\n\t\t\t\t<div class=\"elementor-widget-container\">\n\t\t\t\t\t\t\t\t\t<h4><div class=\"_df_thumb \" id=\"df_2498\"  _slug=\"acta-constitucion-y-registro-en-esal\" data-title=\"certificado-de-existencia-y-rep-legal\" wpoptions=\"true\" thumbtype=\"\" >Certificado de existencia y rep. Legal<\/div><script class=\"df-shortcode-script\" nowprocket type=\"application\/javascript\">window.option_df_2498 = {\"outline\":[],\"viewerType\":\"flipbook\",\"autoEnableOutline\":\"false\",\"autoEnableThumbnail\":\"false\",\"overwritePDFOutline\":\"false\",\"direction\":\"1\",\"pageSize\":\"0\",\"maxTextureSize\":\"1024\",\"source\":\"https:\\\/\\\/fundacionmunay.org\\\/wp-content\\\/uploads\\\/2025\\\/06\\\/1.1-certificado-de-existencia-y-rep-legal.pdf\",\"wpOptions\":\"true\"}; if(window.DFLIP && window.DFLIP.parseBooks){window.DFLIP.parseBooks();}<\/script><\/h4><div class=\"ts-service-box-img\">Socios fundadores firman ante notario aportando la informaci\u00f3n necesaria para poder proceder al registro.<\/div>\t\t\t\t\t\t\t\t<\/div>\n\t\t\t\t<\/div>\n\t\t\t\t<div class=\"elementor-element elementor-element-8c9c7a0 elementor-widget elementor-widget-text-editor\" data-id=\"8c9c7a0\" data-element_type=\"widget\" data-widget_type=\"text-editor.default\">\n\t\t\t\t<div class=\"elementor-widget-container\">\n\t\t\t\t\t\t\t\t\t<h4><div class=\"_df_thumb \" id=\"df_2540\"  _slug=\"estados-financieros-munay\" data-title=\"estados-financieros-munay\" wpoptions=\"true\" thumbtype=\"\" >Estados Financieros Munay<\/div><script class=\"df-shortcode-script\" nowprocket type=\"application\/javascript\">window.option_df_2540 = {\"outline\":[],\"autoEnableOutline\":\"false\",\"autoEnableThumbnail\":\"false\",\"overwritePDFOutline\":\"false\",\"direction\":\"1\",\"pageSize\":\"0\",\"source\":\"https:\\\/\\\/fundacionmunay.org\\\/wp-content\\\/uploads\\\/2025\\\/06\\\/Estados-financieros-Fundacion-Munay-Ano-2024.pdf\",\"wpOptions\":\"true\"}; if(window.DFLIP && window.DFLIP.parseBooks){window.DFLIP.parseBooks();}<\/script><\/h4><p>Socios fundadores firman ante notario aportando la informaci\u00f3n necesaria para poder proceder al registro.<\/p>\t\t\t\t\t\t\t\t<\/div>\n\t\t\t\t<\/div>\n\t\t\t\t<\/div>\n\t\t<div class=\"elementor-element elementor-element-53848db e-con-full e-flex e-con e-child\" data-id=\"53848db\" data-element_type=\"container\">\n\t\t\t\t<div class=\"elementor-element elementor-element-89925ad elementor-widget elementor-widget-image\" data-id=\"89925ad\" data-element_type=\"widget\" data-widget_type=\"image.default\">\n\t\t\t\t<div class=\"elementor-widget-container\">\n\t\t\t\t\t\t\t\t\t\t\t\t\t\t\t<img fetchpriority=\"high\" decoding=\"async\" width=\"632\" height=\"948\" src=\"https:\/\/fundacionmunay.org\/wp-content\/uploads\/2025\/05\/service-center-1.png\" class=\"attachment-large size-large wp-image-2430\" alt=\"\" \/>\t\t\t\t\t\t\t\t\t\t\t\t\t\t\t<\/div>\n\t\t\t\t<\/div>\n\t\t\t\t<\/div>\n\t\t<div class=\"elementor-element elementor-element-d653d34 e-con-full e-flex e-con e-child\" data-id=\"d653d34\" data-element_type=\"container\">\n\t\t\t\t<div class=\"elementor-element elementor-element-4d0ca92 elementor-widget elementor-widget-text-editor\" data-id=\"4d0ca92\" data-element_type=\"widget\" data-widget_type=\"text-editor.default\">\n\t\t\t\t<div class=\"elementor-widget-container\">\n\t\t\t\t\t\t\t\t\t<h4 style=\"text-align: right;\"><div class=\"_df_thumb \" id=\"df_2546\"  _slug=\"certificado-de-cargos-directivos\" data-title=\"antecedentes-directivos-munay\" wpoptions=\"true\" thumbtype=\"\" >Antecedentes directivos Munay<\/div><script class=\"df-shortcode-script\" nowprocket type=\"application\/javascript\">window.option_df_2546 = {\"outline\":[],\"autoEnableOutline\":\"false\",\"autoEnableThumbnail\":\"false\",\"overwritePDFOutline\":\"false\",\"direction\":\"1\",\"pageSize\":\"0\",\"source\":\"https:\\\/\\\/fundacionmunay.org\\\/wp-content\\\/uploads\\\/2025\\\/06\\\/antecedentes-directivos-Munay.pdf\",\"wpOptions\":\"true\"}; if(window.DFLIP && window.DFLIP.parseBooks){window.DFLIP.parseBooks();}<\/script><\/h4><p style=\"text-align: left;\">Miembros-cargos directivos y gerenciales, su identificaci\u00f3n y correspondiente identificaci\u00f3n.<\/p>\t\t\t\t\t\t\t\t<\/div>\n\t\t\t\t<\/div>\n\t\t\t\t<div class=\"elementor-element elementor-element-52426cd elementor-widget elementor-widget-text-editor\" data-id=\"52426cd\" data-element_type=\"widget\" data-widget_type=\"text-editor.default\">\n\t\t\t\t<div class=\"elementor-widget-container\">\n\t\t\t\t\t\t\t\t\t<div class=\"ts-service-box-img\"><div class=\"ts-service-box-img\" style=\"text-align: right;\"><h4 class=\"ts-service-box-img\"><div class=\"_df_thumb \" id=\"df_2549\"  _slug=\"certificacion-antecedentes-judiciales\" data-title=\"certificacion-antecedentes-judiciales\" wpoptions=\"true\" thumbtype=\"\" >Certificaci\u00f3n Antecedentes Judiciales<\/div><script class=\"df-shortcode-script\" nowprocket type=\"application\/javascript\">window.option_df_2549 = {\"outline\":[],\"autoEnableOutline\":\"false\",\"autoEnableThumbnail\":\"false\",\"overwritePDFOutline\":\"false\",\"direction\":\"1\",\"pageSize\":\"0\",\"source\":\"https:\\\/\\\/fundacionmunay.org\\\/wp-content\\\/uploads\\\/2025\\\/05\\\/Certificacion_antecedentes_judiciales_2023.pdf\",\"wpOptions\":\"true\"}; if(window.DFLIP && window.DFLIP.parseBooks){window.DFLIP.parseBooks();}<\/script><\/h4><p class=\"ts-service-box-img\" style=\"text-align: left;\">Estado de situaci\u00f3n financiera Munay, estado de resultado integral, estado de cambio de patrimonio entre otras.<\/p><\/div><div class=\"ts-service-box-info\">\u00a0<\/div><\/div><div class=\"ts-service-box-info\">\u00a0<\/div>\t\t\t\t\t\t\t\t<\/div>\n\t\t\t\t<\/div>\n\t\t\t\t<div class=\"elementor-element elementor-element-daf5179 elementor-widget elementor-widget-text-editor\" data-id=\"daf5179\" data-element_type=\"widget\" data-widget_type=\"text-editor.default\">\n\t\t\t\t<div class=\"elementor-widget-container\">\n\t\t\t\t\t\t\t\t\t<div class=\"ts-service-box-img\"><h4 style=\"text-align: right;\"><div class=\"_df_thumb \" id=\"df_2564\"  _slug=\"informe-gestion-munay\" data-title=\"informe-gestion-munay\" wpoptions=\"true\" thumbtype=\"\" >Informe Gesti\u00f3n Munay<\/div><script class=\"df-shortcode-script\" nowprocket type=\"application\/javascript\">window.option_df_2564 = {\"outline\":[],\"autoEnableOutline\":\"false\",\"autoEnableThumbnail\":\"false\",\"overwritePDFOutline\":\"false\",\"direction\":\"1\",\"pageSize\":\"0\",\"source\":\"https:\\\/\\\/fundacionmunay.org\\\/wp-content\\\/uploads\\\/2025\\\/06\\\/informe-de-gestion.pdf\",\"wpOptions\":\"true\"}; if(window.DFLIP && window.DFLIP.parseBooks){window.DFLIP.parseBooks();}<\/script><\/h4><p style=\"text-align: left;\">Fundaci\u00f3n Munay es una entidad sin \u00e1nimo de lucro, constituida en el a\u00f1o 2009 que ha operado desde el 2012.<\/p><\/div><div class=\"ts-service-box-info\" style=\"text-align: right;\">\u00a0<\/div>\t\t\t\t\t\t\t\t<\/div>\n\t\t\t\t<\/div>\n\t\t\t\t<\/div>\n\t\t\t\t<\/div>\n\t\t\t\t<\/div>\n\t\t","protected":false},"excerpt":{"rendered":"<p>La Fundaci\u00f3n Munay\u00a0es una fundaci\u00f3n con sede en Medell\u00edn, Antioquia, reconocida por el Instituto Colombiano de Bienestar Familiar (ICBF).\u00a0Es una entidad sin \u00e1nimo de lucro que opera con el apoyo del ICBF y est\u00e1 dirigida a la atenci\u00f3n de ni\u00f1os, adolescentes y j\u00f3venes en situaci\u00f3n de vulnerabilidad La Fundaci\u00f3n Munay se dedica a: Prevenci\u00f3n, atenci\u00f3n [&hellip;]<\/p>\n","protected":false},"author":1,"featured_media":0,"parent":0,"menu_order":0,"comment_status":"closed","ping_status":"closed","template":"","meta":{"om_disable_all_campaigns":false,"_uag_custom_page_level_css":"","_monsterinsights_skip_tracking":false,"_monsterinsights_sitenote_active":false,"_monsterinsights_sitenote_note":"","_monsterinsights_sitenote_category":0,"footnotes":""},"class_list":["post-2428","page","type-page","status-publish","hentry"],"aioseo_notices":[],"uagb_featured_image_src":{"full":false,"thumbnail":false,"medium":false,"medium_large":false,"large":false,"1536x1536":false,"2048x2048":false},"uagb_author_info":{"display_name":"webmaster","author_link":"https:\/\/fundacionmunay.org\/?author=1"},"uagb_comment_info":0,"uagb_excerpt":"La Fundaci\u00f3n Munay\u00a0es una fundaci\u00f3n con sede en Medell\u00edn, Antioquia, reconocida por el Instituto Colombiano de Bienestar Familiar (ICBF).\u00a0Es una entidad sin \u00e1nimo de lucro que opera con el apoyo del ICBF y est\u00e1 dirigida a la atenci\u00f3n de ni\u00f1os, adolescentes y j\u00f3venes en situaci\u00f3n de vulnerabilidad La Fundaci\u00f3n Munay se dedica a: Prevenci\u00f3n, atenci\u00f3n&hellip;","_links":{"self":[{"href":"https:\/\/fundacionmunay.org\/index.php?rest_route=\/wp\/v2\/pages\/2428","targetHints":{"allow":["GET"]}}],"collection":[{"href":"https:\/\/fundacionmunay.org\/index.php?rest_route=\/wp\/v2\/pages"}],"about":[{"href":"https:\/\/fundacionmunay.org\/index.php?rest_route=\/wp\/v2\/types\/page"}],"author":[{"embeddable":true,"href":"https:\/\/fundacionmunay.org\/index.php?rest_route=\/wp\/v2\/users\/1"}],"replies":[{"embeddable":true,"href":"https:\/\/fundacionmunay.org\/index.php?rest_route=%2Fwp%2Fv2%2Fcomments&post=2428"}],"version-history":[{"count":132,"href":"https:\/\/fundacionmunay.org\/index.php?rest_route=\/wp\/v2\/pages\/2428\/revisions"}],"predecessor-version":[{"id":3220,"href":"https:\/\/fundacionmunay.org\/index.php?rest_route=\/wp\/v2\/pages\/2428\/revisions\/3220"}],"wp:attachment":[{"href":"https:\/\/fundacionmunay.org\/index.php?rest_route=%2Fwp%2Fv2%2Fmedia&parent=2428"}],"curies":[{"name":"wp","href":"https:\/\/api.w.org\/{rel}","templated":true}]}}